{"id":858,"date":"2018-07-25T09:06:18","date_gmt":"2018-07-25T07:06:18","guid":{"rendered":"https:\/\/welti-furrer.ch\/?page_id=858"},"modified":"2021-01-14T13:29:10","modified_gmt":"2021-01-14T12:29:10","slug":"track-trace","status":"publish","type":"page","link":"https:\/\/www.welti-furrer.ch\/en\/move\/international-move\/track-trace\/","title":{"rendered":"Track &#038; Trace"},"content":{"rendered":"\n                                    <h1>\n                                        Testslide International                                                                                                                    <\/h1>\n                                    das ist eine Subline                                    <p>Dies ist eine kurze Beschreibung<\/p>                                \n    <form id=\"wf-offerte-form-form_privatumzug-\"\n        name=\"form__1610627350\" autocomplete=\"off\"\n          data-id=\"\" action=\"\"\n          data-trackingid=\"\/en\/offerte\/privatumzuge\/\">\n        <input type=\"hidden\" name=\"form_id\" value=\"277adba7d7c3c78c96e60c234fe1aab6\">        <input type=\"hidden\" name=\"subject\" value=\"Offertenanfrage - Privatumz\u00fcge\" \/>\n        <input type=\"hidden\" name=\"offerte_category\" value=\"Privatumz\u00fcge\" \/>\n                <fieldset data-step=\"1\">\n                    Offerte Anfragen\n                                            <input type=\"text\" name=\"offerte_date\" required placeholder=\"date\">\n                            <i>&#xE916;<\/i>\n                        <select name=\"offerte_rooms\" required>\n                            <option value=\"\">Number of rooms<\/option>\n                            <option value=\"1\">1<\/option>\n                            <option value=\"1,5\">1,5<\/option>\n                            <option value=\"2\">2<\/option>\n                            <option value=\"2,5\">2,5<\/option>\n                            <option value=\"3\">3<\/option>\n                            <option value=\"3,5\">3,5<\/option>\n                            <option value=\"4\">4<\/option>\n                            <option value=\"4,5\">4,5<\/option>\n                            <option value=\"5\">5<\/option>\n                            <option value=\"5,5\">5,5<\/option>\n                            <option value=\"andere\">other<\/option>\n                                                    <\/select>\n                        <input type=\"text\" name=\"offerte_from\" required placeholder=\"from\">\n                            <i>&#xE0C8;<\/i>\n                        <input type=\"text\" name=\"offerte_to\" required placeholder=\"to\">\n                            <i>&#xE153;<\/i>\n                        <a href=\"https:\/\/www.welti-furrer.ch\/offerte\/\">detailed inquiry<\/a>\n                        <button data-next-step=\"2\" data-target-form=\"wf-offerte-form-form_privatumzug-\">inquiry<\/button>\n        <\/fieldset>\n                <fieldset data-step=\"2\">\n                    you have nearly made it\n                        <input type=\"text\" name=\"offerte_name\" required placeholder=\"Firstname\">\n                        <input type=\"text\" name=\"offerte_lastname\" required placeholder=\"Surname\">\n                        <input type=\"hidden\" name=\"offerte_contact\" value=\"\">\n                        <input type=\"text\" name=\"offerte_contact_mail\" required data-validator=\"mail\" placeholder=\"E-Mail\"\n                            data-requiredoff='[name=\"offerte_phone\"]'>\n                        <input type=\"text\" name=\"offerte_phone\" required data-validator=\"phone\" placeholder=\"Phone number\"\n                            data-requiredoff='[name=\"offerte_contact_mail\"]'>\n                        <select name=\"offerte_language\" required>\n                            <option value=\"\">language of correspondence<\/option>\n                            <option value=\"Deutsch\">German<\/option>\n                            <option value=\"Englisch\">English<\/option>\n                                                    <\/select>\n                    <button data-next-step=\"3\" data-target-form=\"wf-offerte-form-form_privatumzug-\">send inquiry<\/button>\n        <\/fieldset>\n                <fieldset data-step=\"3\">\n                    We have received your inquiry.\n                    <p>Your personal consultant will contact you shortly.<\/p>\n                    <p>Do you have a time and date preference for contacting you?<\/p>\n                        <select name=\"offerte_contact_when\">\n                            <option value=\"ja\" selected=\"selected\">Yes<\/option>\n                            <option value=\"nein\">No<\/option>\n                        <\/select>\n                        <input type=\"text\" name=\"offerte_contact_date\" required placeholder=\"Your preferred contacting time\">\n                            <i>&#xE916;<\/i>\n                    <button>\n                        <i>&#xE5CA;<\/i>\n                    <\/button>\n        <\/fieldset>\n    <\/form>\n<h2>\n\t\tUmfassende Betreuung bei Umz&uuml;gen f&uuml;r Senioren\n\t<\/h2>\n\t\t\t\t<img fetchpriority=\"high\" decoding=\"async\" src=\"https:\/\/www.welti-furrer.ch\/wp-content\/uploads\/2018\/04\/privat.jpg\" alt=\"privat\" itemprop=\"image\" height=\"759\" width=\"1013\" title=\"privat\"  \/>\n\t\t\t\t<img fetchpriority=\"high\" decoding=\"async\" src=\"https:\/\/www.welti-furrer.ch\/wp-content\/uploads\/2018\/04\/privat.jpg\" alt=\"privat\" itemprop=\"image\" height=\"759\" width=\"1013\" title=\"privat\"  \/>\n\t\t\t\t<img fetchpriority=\"high\" decoding=\"async\" src=\"https:\/\/www.welti-furrer.ch\/wp-content\/uploads\/2018\/04\/privat.jpg\" alt=\"privat\" itemprop=\"image\" height=\"759\" width=\"1013\" title=\"privat\"  \/>\n\t\t\t\t<img fetchpriority=\"high\" decoding=\"async\" src=\"https:\/\/www.welti-furrer.ch\/wp-content\/uploads\/2018\/04\/privat.jpg\" alt=\"privat\" itemprop=\"image\" height=\"759\" width=\"1013\" title=\"privat\"  \/>\n\t<h3>Ein Umzug im Alter birgt einige Herausforderungen. Welti-Furrer als Spezialist bei der Vorbereitung und Durchf\u00fchrung von Seniorenumz\u00fcgen l\u00e4sst Sie nicht im Stich und unterst\u00fctzt Sie umfassend auf Ihrem Weg ins neue Zuhause.<\/h3>\n<p>Ihr pers\u00f6nlicher Umzugsbegleiter hilft Ihnen bei der gesamten Vorbereitung Ihres Umzuges. Sei es beim Abmelden und Anmelden des Wohnsitzes bei den Beh\u00f6rden, beim Organisieren der Telefon-, Internet- und TV-Anschl\u00fcsse im neuen Heim, bei der Umleitung der Post, bei der Adress\u00e4nderung bei der AHV-Ausgleichskasse, dem Arzt, der Post, der Krankenkassen und der Versicherung oder sei es bei der Beschriftung des Briefkastens und T\u00fcrschildes am neuen Zuhause \u2013 Der Umzugsberater von Welti-Furrer unterst\u00fctzt Sie gerne bei diesen Arbeiten oder f\u00fchrt diese gerne auch gleich f\u00fcr Sie durch.<\/p>\n<p>Unmittelbar vor dem Umzug hilft Ihnen das erfahrene Team von Welti-Furrer beim Einpacken Ihres Hab und Gutes in spezielle Kartons und Koffern, damit Ihr Umzugsgut optimal gesch\u00fctzt ist. Am Tag des Umzuges \u00fcbernimmt das Team von Welti-Furrer den gesamten Transport des Umzugsgutes inklusive Demontagen und Montagen Ihrer M\u00f6bel durch ausgebildete Schreiner, Installation von Elektroger\u00e4ten wie Fernseher oder Lampen und Aufh\u00e4ngen Ihrer Vorh\u00e4nge. In Ihrem neuen Zuhause packt das Team von Welti-Furrer Ihr Hab und Gut aus und r\u00e4umt es f\u00fcr Sie gleich in die wieder montierten Schr\u00e4nke ein.<\/p>\n<p>Falls Ihre bestehenden M\u00f6bel, Bilder, Musikinstrumente oder auch Akten im neuen Heim keinen Platz mehr finden, k\u00f6nnen Sie diese unkompliziert bei Welti-Furrer zu idealen Bedingungen einlagern. Daneben \u00fcbernehmen wir f\u00fcr Sie auch gerne die Entsorgung von alten M\u00f6beln und pers\u00f6nlichen Gegenst\u00e4nden, f\u00fcr welche im neuen Zuhause kein Platz mehr ist. Selbstverst\u00e4ndlich k\u00f6nnen wir f\u00fcr Sie auch die Reinigung Ihrer alten Wohnung und die anschliessenden Wohnungsabgabe f\u00fcr Sie \u00fcbernehmen.<\/p>\n","protected":false},"excerpt":{"rendered":"<p>Testslide International das ist eine Subline Dies ist eine kurze Beschreibung Offerte Anfragen &#xE916; Number of rooms11,522,533,544,555,5other &#xE0C8; &#xE153; detailed inquiry inquiry you have nearly made it language of correspondenceGermanEnglish send inquiry We have received your inquiry. Your personal consultant will contact you shortly. Do you have a time and date preference for contacting you? [&hellip;]<\/p>\n","protected":false},"author":1,"featured_media":0,"parent":845,"menu_order":0,"comment_status":"closed","ping_status":"closed","template":"","meta":{"footnotes":""},"class_list":["post-858","page","type-page","status-publish","hentry"],"_links":{"self":[{"href":"https:\/\/www.welti-furrer.ch\/en\/wp-json\/wp\/v2\/pages\/858","targetHints":{"allow":["GET"]}}],"collection":[{"href":"https:\/\/www.welti-furrer.ch\/en\/wp-json\/wp\/v2\/pages"}],"about":[{"href":"https:\/\/www.welti-furrer.ch\/en\/wp-json\/wp\/v2\/types\/page"}],"author":[{"embeddable":true,"href":"https:\/\/www.welti-furrer.ch\/en\/wp-json\/wp\/v2\/users\/1"}],"replies":[{"embeddable":true,"href":"https:\/\/www.welti-furrer.ch\/en\/wp-json\/wp\/v2\/comments?post=858"}],"version-history":[{"count":2,"href":"https:\/\/www.welti-furrer.ch\/en\/wp-json\/wp\/v2\/pages\/858\/revisions"}],"predecessor-version":[{"id":7927,"href":"https:\/\/www.welti-furrer.ch\/en\/wp-json\/wp\/v2\/pages\/858\/revisions\/7927"}],"up":[{"embeddable":true,"href":"https:\/\/www.welti-furrer.ch\/en\/wp-json\/wp\/v2\/pages\/845"}],"wp:attachment":[{"href":"https:\/\/www.welti-furrer.ch\/en\/wp-json\/wp\/v2\/media?parent=858"}],"curies":[{"name":"wp","href":"https:\/\/api.w.org\/{rel}","templated":true}]}}