{"id":10860,"date":"2022-01-03T13:22:37","date_gmt":"2022-01-03T12:22:37","guid":{"rendered":"https:\/\/welti-furrer.ch\/heavy-duty\/hebeplaene-transportstudien-hebestudien\/"},"modified":"2025-01-08T11:27:14","modified_gmt":"2025-01-08T10:27:14","slug":"hebeplaene-transportstudien-hebestudien","status":"publish","type":"page","link":"https:\/\/www.welti-furrer.ch\/en\/heavy-duty\/hebeplaene-transportstudien-hebestudien\/","title":{"rendered":"Hebepl\u00e4ne \/ Transportstudien \/ Hebestudien"},"content":{"rendered":"\n\n                                    <h1>\n                                        Einsatzplanung                                                                                                                    <\/h1>\n                                    Erstellung von Dokumentationen                                    <ul><li>Hebepl\u00e4ne und Risikoanalysen<\/li><li>Transportstudien<\/li><li>Hebestudien f\u00fcr Verschiebe- und Hebevorg\u00e4nge<\/li><li>ISO-zertifiziert nach 45001 (Arbeits- und Gesundheitsschutzmanagement) und 9001 (Qualit\u00e4tsmanagement)<\/li><\/ul>                                \n    <form id=\"wf-offerte-form-form_schwergutlogistik-\"\n        name=\"form__1736332034\" autocomplete=\"off\"\n          data-id=\"\" action=\"\"\n          data-trackingid=\"\/offerte\/ausnahmetransportbegleitung\/\">\n        <input type=\"hidden\" name=\"form_id\" value=\"8d227f116cffa357411115f5bfa92e09\"\/>        <input type=\"hidden\" name=\"subject\" value=\"Offertenanfrage - Schwergutlogistik\" \/>\n        <input type=\"hidden\" name=\"offerte_category\" value=\"Ausnahmetransportbegleitung\" \/>\n                <fieldset data-step=\"1\">\n                    Offertanfrage Einsatzplanung<br \/>    Kontaktieren Sie uns f\u00fcr eine unverbindliche Anfrage telefonisch oder per E-Mail unter:     <br \/>   Maximilian Neuhauser<br \/>  CEO Pneukran und Spezialtransporte AG    <strong>+41 79 273 00 94<\/strong> <br \/> <a href=\"tel:0041792730094\">    <\/a> <a href=\"mailto:maximilian.neuhauser@welti-furrer.ch?subject=Offertanfrage%20Schwergutlogistik\">    <\/a>\n                        <input type=\"text\" name=\"offerte_from\" required placeholder=\"von\"\/>\n                            <i>&#xE0C8;<\/i>\n                        <input type=\"text\" name=\"offerte_to\" required placeholder=\"nach\"\/>\n                            <i>&#xE153;<\/i>\n                        <input type=\"text\" name=\"offerte_gewicht\" required placeholder=\"Gewicht in t\"\/>\n                            <i>title<\/i>\n                        <button data-next-step=\"2\" data-target-form=\"wf-offerte-form-form_schwergutlogistik-\">Anfragen<\/button>\n        <\/fieldset>\n                <fieldset data-step=\"2\">\n                    Sie haben es fast geschafft!\n                        <input type=\"text\" name=\"offerte_name\" required placeholder=\"Vorname\"\/>\n                        <input type=\"text\" name=\"offerte_lastname\" required placeholder=\"Nachname\"\/>\n                        <input type=\"hidden\" name=\"offerte_contact\" value=\"\"\/>\n                        <input type=\"text\" name=\"offerte_contact_mail\" required data-validator=\"mail\" placeholder=\"E-Mail\"\n                            data-requiredoff='[name=\"offerte_phone\"]'\/>\n                        <input type=\"text\" name=\"offerte_phone\" required data-validator=\"phone\" placeholder=\"Telefonnummer\"\n                            data-requiredoff='[name=\"offerte_contact_mail\"]'\/>\n                        <select name=\"offerte_language\" required>\n                            <option value=\"\">Sprache<\/option>\n                            <option value=\"Deutsch\">Deutsch<\/option>\n                            <option value=\"Englisch\">Englisch<\/option>\n                                                    <\/select>\n                    <button data-next-step=\"3\" data-target-form=\"wf-offerte-form-form_schwergutlogistik-\">Anfrage absenden<\/button>\n        <\/fieldset>\n                <fieldset data-step=\"3\">\n                    Wir haben Ihre Anfrage entgegen genommen.\n                    <p>Ihr pers\u00f6nlicher Berater wird Sie in K\u00fcrze kontaktieren.<\/p>\n                    <p>Gibt es einen Wunschtermin zu welchem wir Sie kontaktieren sollen?<\/p>\n                        <select name=\"offerte_contact_when\">\n                            <option value=\"ja\" selected=\"selected\">Ja<\/option>\n                            <option value=\"nein\">Nein<\/option>\n                        <\/select>\n                        <input type=\"text\" name=\"offerte_contact_date\" required placeholder=\"Ihr Wunschtermin\"\/>\n                            <i>&#xE916;<\/i>\n                    <button>\n                        <i>&#xE5CA;<\/i>\n                    <\/button>\n        <\/fieldset>\n    <\/form>\n<h2>\n\t\tWelti-Furrer unterst\u00fctzt bei der Planung ihrer Schwergutvorhaben\n\t<\/h2>\n\t<h3>Wir erstellen und unterst\u00fctzen bei der Einsatzplanung<\/h3>\n<h5>Die minuti\u00f6se und verl\u00e4ssliche Planung von Eins\u00e4tzen im Bereich Schwergutlogistik nimmt einen immer gr\u00f6sseren Stellenwert ein. Damit k\u00f6nnen \u00dcberraschungen vermieden und somit Zusatzkosten minimiert sowie eine sichere Arbeitsausf\u00fchrung erm\u00f6glicht werden. Als Spezialist in diesem Gebiet mit der entsprechenden ISO-Zertifizierung haben wir \u00fcber 180-j\u00e4hrige Erfahrung nicht nur in der Ausf\u00fchrung sondern auch in der entsprechenden Planung. Dazu nutzen wir moderne Hilfsmittel. Kontaktieren Sie uns fr\u00fchzeitig.<\/h5>\n<h3><b><strong><u>Transportstudien<\/u><\/strong><\/b><\/h3>\n<p>Sie planen den Austausch eines grossen Generators oder den Bau einer neuen Windkraftanlage? Kommen Sie fr\u00fchzeitig auf uns zu, wir unterst\u00fctzen Sie bereits in den ersten Phasen Ihres Projektes, damit die restlichen Projektabl\u00e4ufe mit dem Transport- und Verschiebekonzept ein- und hergehen. Mit einer Transportstudie k\u00f6nnen wir die Machbarkeit eines Transportes best\u00e4tigen, die vorgesehene Route bestimmen, best\u00e4tigen oder anpassen und Ihnen bei einer allf\u00e4lligen Begehung weitere Optimierungsm\u00f6glichkeiten aufzeigen.<\/p>\n<h3>\n\t\tWeitere Informationen\n\t<\/h3>\n\t<p><strong>Dokumentation Einsatzmittel<\/strong><\/p>\n<p>Das technische Handbuch mit der Dokumentation \u00fcber unsere Einsatzmittel im Schwergutlogistikbereich ist als Mobile-App oder Desktopversion hier verf\u00fcgbar:<\/p>\n<p><a href=\"https:\/\/kranapp.welti-furrer.ch\">Kranapp.welti-furrer.ch<\/a><\/p>\n                        <strong>Hebestudien<\/strong><br \/>\nDie Wahl des richtigen Stellplatzes f\u00fcr eine Windkraftanlage erm\u00f6glicht grosse Einsparungen bei den Vorbereitungsarbeiten f\u00fcr die Zufahrtswege wie auch die Kranstellpl\u00e4tze. Aber auch f\u00fcr kleinere Hebeauftr\u00e4ge f\u00fchren wir Besichtigung, Einsch\u00e4tzung und Planung durch. Mit Hilfe unserer Software k\u00f6nnen wir den Einsatz der Hebemittel und Mobilkrane genau planen und den Lastfall sowie die zu erwartenden St\u00fctzdr\u00fccke exakt rechnen. Der Kran inkl. Ausleger kann im CAD eingef\u00fcgt werden um den Kranstandort zu optimieren.\n                        <strong>Hebepl\u00e4ne und Risikoanalysen<\/strong><br \/>\nWir erstellen f\u00fcr Sie Hebepl\u00e4ne f\u00fcr Routine-Hebevorg\u00e4nge, welche Sie anschliessend mit eigenem Personal und Ger\u00e4tschaften (Hallenkran, etc.) ausf\u00fchren k\u00f6nnen. Indem wir als Spezialist uns diese Abl\u00e4ufe vor Ort anschauen und Sie mit Tipps &amp; Tricks zus\u00e4tzlich beraten, werden Ihre eigenen Abl\u00e4ufe sicherer und effizienter. Zus\u00e4tzlich erstellen wir auf Anfrage Risikoanalysen. Allenfalls geben die betriebsinternen Richtlinien f\u00fcr bestimmte Arbeiten sogar einen extern erstellen oder verifizierten Hebeplan oder eine Risikoanalyse vor.\n\t<h2>Lokal verankert &#8211; schweizweit t\u00e4tig<\/h2>\n<h3>Krane, Spezialtransporte &amp; Industrieumz\u00fcge<\/h3>\n\n","protected":false},"excerpt":{"rendered":"<p>Einsatzplanung Erstellung von Dokumentationen Hebepl\u00e4ne und Risikoanalysen Transportstudien Hebestudien f\u00fcr Verschiebe- und Hebevorg\u00e4nge ISO-zertifiziert nach 45001 (Arbeits- und Gesundheitsschutzmanagement) und 9001 (Qualit\u00e4tsmanagement) Offertanfrage Einsatzplanung Kontaktieren Sie uns f\u00fcr eine unverbindliche Anfrage telefonisch oder per E-Mail unter: Maximilian Neuhauser CEO Pneukran und Spezialtransporte AG +41 79 273 00 94 &#xE0C8; &#xE153; title Anfragen Sie haben es [&hellip;]<\/p>\n","protected":false},"author":2,"featured_media":0,"parent":923,"menu_order":0,"comment_status":"closed","ping_status":"closed","template":"","meta":{"footnotes":""},"class_list":["post-10860","page","type-page","status-publish","hentry"],"_links":{"self":[{"href":"https:\/\/www.welti-furrer.ch\/en\/wp-json\/wp\/v2\/pages\/10860","targetHints":{"allow":["GET"]}}],"collection":[{"href":"https:\/\/www.welti-furrer.ch\/en\/wp-json\/wp\/v2\/pages"}],"about":[{"href":"https:\/\/www.welti-furrer.ch\/en\/wp-json\/wp\/v2\/types\/page"}],"author":[{"embeddable":true,"href":"https:\/\/www.welti-furrer.ch\/en\/wp-json\/wp\/v2\/users\/2"}],"replies":[{"embeddable":true,"href":"https:\/\/www.welti-furrer.ch\/en\/wp-json\/wp\/v2\/comments?post=10860"}],"version-history":[{"count":11,"href":"https:\/\/www.welti-furrer.ch\/en\/wp-json\/wp\/v2\/pages\/10860\/revisions"}],"predecessor-version":[{"id":14252,"href":"https:\/\/www.welti-furrer.ch\/en\/wp-json\/wp\/v2\/pages\/10860\/revisions\/14252"}],"up":[{"embeddable":true,"href":"https:\/\/www.welti-furrer.ch\/en\/wp-json\/wp\/v2\/pages\/923"}],"wp:attachment":[{"href":"https:\/\/www.welti-furrer.ch\/en\/wp-json\/wp\/v2\/media?parent=10860"}],"curies":[{"name":"wp","href":"https:\/\/api.w.org\/{rel}","templated":true}]}}