{"id":10314,"date":"2020-01-16T08:06:34","date_gmt":"2020-01-16T07:06:34","guid":{"rendered":"https:\/\/welti-furrer.ch\/storage\/selfstorage\/"},"modified":"2025-10-13T16:17:31","modified_gmt":"2025-10-13T14:17:31","slug":"selfstorage","status":"publish","type":"page","link":"https:\/\/www.welti-furrer.ch\/en\/storage\/selfstorage\/","title":{"rendered":"Selfstorage"},"content":{"rendered":"\r\n<h1>Selfstorage<\/h1>\r\n<p>Welti-Furrer ist Ihr Spezialist f\u00fcr Selfstorage schweizweit. Fragen Sie jetzt eine unverbindliche Offerte an.<\/p>\r\n<form id=\"wf-offerte-form-form_lager-\" action=\"\" autocomplete=\"off\" name=\"form__1623144592\" data-id=\"\" data-trackingid=\"\/offerte\/lagerung\/\"><input name=\"form_id\" type=\"hidden\" value=\"b3d28cf1e63d9ae2dd6d2bdc1608a031\" \/> <input name=\"subject\" type=\"hidden\" value=\"Offertenanfrage - Lager\" \/> <input name=\"offerte_category\" type=\"hidden\" value=\"Lager\" \/><fieldset data-step=\"1\">Ihre Offertenanfrage <input name=\"offerte_date\" required=\"\" type=\"text\" placeholder=\"Datum\" \/> <i>\ue916<\/i><select name=\"offerte_art\" required=\"\">\r\n<option value=\"\">Bitte w\u00e4hlen Sie die Lagerart<\/option>\r\n<option value=\"Self-Storage\">Self-Storage<\/option>\r\n<option value=\"Container-Lager\">Container-Lager<\/option>\r\n<option value=\"Paletten-Lager\">Paletten-Lager<\/option>\r\n<option value=\"Notfall-Lager\">Notfall Lager<\/option>\r\n<\/select><select name=\"offerte_place\" required=\"\">\r\n<option value=\"\">Bitte w\u00e4hlen Sie den Ort<\/option>\r\n<option value=\"Dielsdorf\">Dielsdorf<\/option>\r\n<option value=\"Z\u00fcrich\">Z\u00fcrich<\/option>\r\n<option value=\"Windisch\">Windisch<\/option>\r\n<option value=\"Bern\">Bern<\/option>\r\n<\/select><a href=\"https:\/\/www.welti-furrer.ch\/offerte\/\">ausf\u00fchrliche Anfrage<\/a> <button data-next-step=\"2\" data-target-form=\"wf-offerte-form-form_lager-\">Anfragen<\/button><\/fieldset><fieldset data-step=\"2\">Sie haben es fast geschafft! <input name=\"offerte_name\" required=\"\" type=\"text\" placeholder=\"Vorname\" \/> <input name=\"offerte_lastname\" required=\"\" type=\"text\" placeholder=\"Nachname\" \/> <input name=\"offerte_contact\" type=\"hidden\" value=\"\" \/> <input name=\"offerte_contact_mail\" required=\"\" type=\"text\" placeholder=\"E-Mail\" data-validator=\"mail\" data-requiredoff=\"[name=&quot;offerte_phone&quot;]\" \/> <input name=\"offerte_phone\" required=\"\" type=\"text\" placeholder=\"Telefonnummer\" data-validator=\"phone\" data-requiredoff=\"[name=&quot;offerte_contact_mail&quot;]\" \/><select name=\"offerte_language\" required=\"\">\r\n<option value=\"\">Sprache<\/option>\r\n<option value=\"Deutsch\">Deutsch<\/option>\r\n<option value=\"Englisch\">Englisch<\/option>\r\n<\/select><button data-next-step=\"3\" data-target-form=\"wf-offerte-form-form_lager-\">Anfrage absenden<\/button><\/fieldset><fieldset data-step=\"3\">Wir haben Ihre Anfrage entgegen genommen.\r\n<p>Ihr pers\u00f6nlicher Berater wird Sie in K\u00fcrze kontaktieren.<\/p>\r\n<p>Gibt es einen Wunschtermin zu welchem wir Sie kontaktieren sollen?<\/p>\r\n<select name=\"offerte_contact_when\">\r\n<option selected=\"selected\" value=\"ja\">Ja<\/option>\r\n<option value=\"nein\">Nein<\/option>\r\n<\/select><input name=\"offerte_contact_date\" required=\"\" type=\"text\" placeholder=\"Ihr Wunschtermin\" \/> <i>\ue916<\/i> <button> <i>\ue5ca<\/i> <\/button><\/fieldset><\/form>\r\n<h2>Selfstorage<\/h2>\r\n<p>Ben\u00f6tigen Sie spontan Lagerplatz? Welti-Furrer bietet Ihnen Selfstorage schweizweit, f\u00fcr jeden Zweck und f\u00fcr jede Dauer: Zur kurzfristigen Lagerung Ihres Inventars bei einem Umzug oder zur dauerhaften Einlagerung Ihrer Sportger\u00e4te oder Ihrer sperrigen Maschinen &#8211; Welti-Furrer stellt Ihnen den passenden Selfstorage-Raum an den Standorten Z\u00fcrich, Z\u00fcrich-Dielsdorf, Bern und Windisch zur Verf\u00fcgung.<\/p>\r\n<h3>Sicheres Selfstorage<\/h3>\r\n<p>Die Selfstorage-Lagerr\u00e4ume und Kabinen lassen Sie Ihr Eigentum sicher und diskret aufbewahren. Die R\u00e4ume sind beheizt und bel\u00fcftet und sch\u00fctzen Ihre G\u00fcter vor sch\u00e4dlichen Umwelteinfl\u00fcssen, wie beispielsweise Feuchtigkeit oder Frost.<\/p>\r\n<p>Ein eigener Badge gew\u00e4hrt Ihnen jederzeit Einlass in Ihre Selfstorage-Kabine.<\/p>\r\n<p>Dank permanenter Video\u00fcberwachung werden Ihre Besitzt\u00fcmer verl\u00e4sslich vor dem Zugriff unbefugter Personen gesch\u00fctzt.<\/p>\r\n<p><img fetchpriority=\"high\" decoding=\"async\" title=\"Selfstorage\" src=\"https:\/\/www.welti-furrer.ch\/wp-content\/uploads\/2018\/10\/Selfstorage.jpg\" alt=\"Selfstorage\" width=\"5000\" height=\"3356\" \/> <img decoding=\"async\" title=\"Anlieferung Selfstorage\" src=\"https:\/\/www.welti-furrer.ch\/wp-content\/uploads\/2018\/10\/Anlieferung.jpg\" alt=\"Anlieferung\" \/><\/p>\r\n<h3>Hochmodernes Selfstorage<\/h3>\r\n<p>Selfstorage ist bequem und kosteng\u00fcnstig. Welti-Furrer bietet Ihnen Selfstorage-Kabinen in verschiedenen Gr\u00f6ssen an. Sie wissen Ihre wertvollen G\u00fcter jederzeit in Sicherheit und k\u00f6nnen 24\/7 \u00fcber diese verf\u00fcgen. Mit Ihrem Fahrzeug fahren Sie bis unmittelbar vor den Eingang und transportieren Ihre Gegenst\u00e4nde problemlos im ger\u00e4umigen Warenlift zu oder von Ihrer Selfstorage-Kabine. Durch den eigenen Badge haben Sie jederzeit die Kontrolle \u00fcber Ihr Eigentum.<\/p>\r\n<p>Ob spontane Zwischenlagerung w\u00e4hrend Ihres Umzugs oder f\u00fcr langfristig geplante Aufbewahrung zum Beispiel bei einem l\u00e4ngeren Auslandaufenthalt &#8211; dank moderner Selfstorage-Lagerr\u00e4ume l\u00f6st Welti-Furrer souver\u00e4n Ihr Lagerproblem.<\/p>\r\n<p>Nehmen Sie noch heute mit uns telefonisch (044 444 13 28) oder per Mail <a href=\"mailto:selfstorage@welti-furrer.ch\">selfstorage@welti-furrer.ch<\/a> Kontakt auf, damit wir Sie bei Ihrem Anliegen unterst\u00fctzen k\u00f6nnen!<\/p>\r\n<h3>Unsere Standorte<\/h3>\r\n","protected":false},"excerpt":{"rendered":"<p>Selfstorage Welti-Furrer ist Ihr Spezialist f\u00fcr Selfstorage schweizweit. Fragen Sie jetzt eine unverbindliche Offerte an. Ihre Offertenanfrage \ue916Bitte w\u00e4hlen Sie die LagerartSelf-StorageContainer-LagerPaletten-LagerNotfall LagerBitte w\u00e4hlen Sie den OrtDielsdorfZ\u00fcrichWindischBernausf\u00fchrliche Anfrage Anfragen Sie haben es fast geschafft! SpracheDeutschEnglischAnfrage absenden Wir haben Ihre Anfrage entgegen genommen. Ihr pers\u00f6nlicher Berater wird Sie in K\u00fcrze kontaktieren. Gibt es einen Wunschtermin zu [&hellip;]<\/p>\n","protected":false},"author":14,"featured_media":0,"parent":860,"menu_order":0,"comment_status":"closed","ping_status":"closed","template":"","meta":{"footnotes":""},"class_list":["post-10314","page","type-page","status-publish","hentry"],"_links":{"self":[{"href":"https:\/\/www.welti-furrer.ch\/en\/wp-json\/wp\/v2\/pages\/10314","targetHints":{"allow":["GET"]}}],"collection":[{"href":"https:\/\/www.welti-furrer.ch\/en\/wp-json\/wp\/v2\/pages"}],"about":[{"href":"https:\/\/www.welti-furrer.ch\/en\/wp-json\/wp\/v2\/types\/page"}],"author":[{"embeddable":true,"href":"https:\/\/www.welti-furrer.ch\/en\/wp-json\/wp\/v2\/users\/14"}],"replies":[{"embeddable":true,"href":"https:\/\/www.welti-furrer.ch\/en\/wp-json\/wp\/v2\/comments?post=10314"}],"version-history":[{"count":5,"href":"https:\/\/www.welti-furrer.ch\/en\/wp-json\/wp\/v2\/pages\/10314\/revisions"}],"predecessor-version":[{"id":14675,"href":"https:\/\/www.welti-furrer.ch\/en\/wp-json\/wp\/v2\/pages\/10314\/revisions\/14675"}],"up":[{"embeddable":true,"href":"https:\/\/www.welti-furrer.ch\/en\/wp-json\/wp\/v2\/pages\/860"}],"wp:attachment":[{"href":"https:\/\/www.welti-furrer.ch\/en\/wp-json\/wp\/v2\/media?parent=10314"}],"curies":[{"name":"wp","href":"https:\/\/api.w.org\/{rel}","templated":true}]}}